{"id":11,"date":"2025-07-02T20:12:50","date_gmt":"2025-07-02T20:12:50","guid":{"rendered":"https:\/\/schnupfkiste.ch\/?page_id=11"},"modified":"2025-07-02T20:31:28","modified_gmt":"2025-07-02T20:31:28","slug":"schnupfkiste","status":"publish","type":"page","link":"https:\/\/schnupfkiste.ch\/","title":{"rendered":"Die Schnupfkiste"},"content":{"rendered":"\n<figure class=\"wp-block-image aligncenter size-large is-resized\"><img loading=\"lazy\" decoding=\"async\" width=\"925\" height=\"1024\" src=\"https:\/\/schnupfkiste.ch\/wp-content\/uploads\/2025\/07\/v2-3d-wolf-symbol-hires_wolf-color-scaled-e1751488235268-925x1024.png\" alt=\"\" class=\"wp-image-21\" style=\"width:318px;height:auto\" srcset=\"https:\/\/schnupfkiste.ch\/wp-content\/uploads\/2025\/07\/v2-3d-wolf-symbol-hires_wolf-color-scaled-e1751488235268-925x1024.png 925w, https:\/\/schnupfkiste.ch\/wp-content\/uploads\/2025\/07\/v2-3d-wolf-symbol-hires_wolf-color-scaled-e1751488235268-271x300.png 271w, https:\/\/schnupfkiste.ch\/wp-content\/uploads\/2025\/07\/v2-3d-wolf-symbol-hires_wolf-color-scaled-e1751488235268-768x850.png 768w, https:\/\/schnupfkiste.ch\/wp-content\/uploads\/2025\/07\/v2-3d-wolf-symbol-hires_wolf-color-scaled-e1751488235268.png 994w\" sizes=\"auto, (max-width: 925px) 100vw, 925px\" \/><\/figure>\n\n\n\n<p>Eine 3D-gedruckte Schnupftabakbox \u2013 direkt aus der Schweiz. <\/p>\n\n\n\n<p>Aktuell l\u00e4uft eine limitierte Testphase mit ausgew\u00e4hlten Personen. <\/p>\n\n\n\n<p><\/p>\n\n\n\n<p>Du hast eine Schnupfkiste erhalten? Dann freuen wir uns \u00fcber dein Feedback!<\/p>\n\n\n\n<p>\ud83d\udc47 Gib hier deine R\u00fcckmeldung ab:<\/p>\n\n\n<div class=\"wpforms-container wpforms-container-full wpforms-block wpforms-block-d53a1cd3-05c4-42c4-b982-d0f90c6f4404 wpforms-render-modern\" id=\"wpforms-6\"><form id=\"wpforms-form-6\" class=\"wpforms-validate wpforms-form wpforms-ajax-form\" data-formid=\"6\" method=\"post\" enctype=\"multipart\/form-data\" action=\"\/index.php?rest_route=%2Fwp%2Fv2%2Fpages%2F11\" data-token=\"efdf8371bf6b457c963afc08f18de4b6\" data-token-time=\"1776510888\"><noscript class=\"wpforms-error-noscript\">Bitte aktiviere JavaScript in deinem Browser, um dieses Formular fertigzustellen.<\/noscript><div id=\"wpforms-error-noscript\" style=\"display: none;\">Bitte aktiviere JavaScript in deinem Browser, um dieses Formular fertigzustellen.<\/div><div class=\"wpforms-field-container\"><div id=\"wpforms-6-field_1-container\" class=\"wpforms-field wpforms-field-payment-select wpforms-field-select-style-classic\" data-field-id=\"1\"><label class=\"wpforms-field-label\" for=\"wpforms-6-field_1\">Wie gef\u00e4llt dir das Design<\/label><select id=\"wpforms-6-field_1\" class=\"wpforms-payment-price wpforms-field-medium\" name=\"wpforms[fields][1]\"><option value=\"1\" data-amount=\"0.00\" >Sehr gut<\/option><option value=\"2\" data-amount=\"0.00\" >Gut<\/option><option value=\"3\" data-amount=\"0.00\" >Geht so<\/option><option value=\"4\" data-amount=\"0.00\" >Nicht mein Fall<\/option><\/select><\/div><div id=\"wpforms-6-field_2-container\" class=\"wpforms-field wpforms-field-payment-select wpforms-field-select-style-classic\" data-field-id=\"2\"><label class=\"wpforms-field-label\" for=\"wpforms-6-field_2\">War die Funktion selbsterkl\u00e4rend?<\/label><select id=\"wpforms-6-field_2\" class=\"wpforms-payment-price wpforms-field-medium\" name=\"wpforms[fields][2]\"><option value=\"1\" data-amount=\"0.00\" >Ja<\/option><option value=\"2\" data-amount=\"0.00\" >Nach kurzem \u00dcberlegen<\/option><option value=\"3\" data-amount=\"0.00\" >Nein<\/option><\/select><\/div><div id=\"wpforms-6-field_3-container\" class=\"wpforms-field wpforms-field-textarea\" data-field-id=\"3\"><label class=\"wpforms-field-label\" for=\"wpforms-6-field_3\">Was war unklar oder verbesserungsw\u00fcrdig?<\/label><textarea id=\"wpforms-6-field_3\" class=\"wpforms-field-medium\" name=\"wpforms[fields][3]\" aria-errormessage=\"wpforms-6-field_3-error\" ><\/textarea><\/div>\t\t<div id=\"wpforms-6-field_5-container\"\n\t\t\tclass=\"wpforms-field wpforms-field-text\"\n\t\t\tdata-field-type=\"text\"\n\t\t\tdata-field-id=\"5\"\n\t\t\t>\n\t\t\t<label class=\"wpforms-field-label\" for=\"wpforms-6-field_5\" >dir R\u00fcckmeldung selbsterkl\u00e4rend?<\/label>\n\t\t\t<input type=\"text\" id=\"wpforms-6-field_5\" class=\"wpforms-field-medium\" name=\"wpforms[fields][5]\" >\n\t\t<\/div>\n\t\t<div id=\"wpforms-6-field_4-container\" class=\"wpforms-field wpforms-field-payment-select wpforms-field-select-style-classic\" data-field-id=\"4\"><label class=\"wpforms-field-label\" for=\"wpforms-6-field_4\">Wie gef\u00e4llt dir der Mechanismus (Feder)?<\/label><select id=\"wpforms-6-field_4\" class=\"wpforms-payment-price wpforms-field-medium\" name=\"wpforms[fields][4]\"><option value=\"1\" data-amount=\"0.00\" >Sehr gut<\/option><option value=\"2\" data-amount=\"0.00\" >Geht so<\/option><option value=\"3\" data-amount=\"0.00\" >Funktioniert nicht gut<\/option><\/select><\/div><div id=\"wpforms-6-field_6-container\" class=\"wpforms-field wpforms-field-textarea\" data-field-id=\"6\"><label class=\"wpforms-field-label\" for=\"wpforms-6-field_6\">Weitere R\u00fcckmeldung oder Ideen?<\/label><textarea id=\"wpforms-6-field_6\" class=\"wpforms-field-medium\" name=\"wpforms[fields][6]\" aria-errormessage=\"wpforms-6-field_6-error\" ><\/textarea><\/div><div id=\"wpforms-6-field_7-container\" class=\"wpforms-field wpforms-field-email\" data-field-id=\"7\"><label class=\"wpforms-field-label\" for=\"wpforms-6-field_7\">E-Mail (optional)<\/label><input type=\"email\" id=\"wpforms-6-field_7\" class=\"wpforms-field-medium\" name=\"wpforms[fields][7]\" spellcheck=\"false\" aria-errormessage=\"wpforms-6-field_7-error\" ><\/div><script>\n\t\t\t\t( function() {\n\t\t\t\t\tconst style = document.createElement( 'style' );\n\t\t\t\t\tstyle.appendChild( document.createTextNode( '#wpforms-6-field_5-container { position: absolute !important; overflow: hidden !important; display: inline !important; height: 1px !important; width: 1px !important; z-index: -1000 !important; padding: 0 !important; } #wpforms-6-field_5-container input { visibility: hidden; } #wpforms-conversational-form-page #wpforms-6-field_5-container label { counter-increment: none; }' ) );\n\t\t\t\t\tdocument.head.appendChild( style );\n\t\t\t\t\tdocument.currentScript?.remove();\n\t\t\t\t} )();\n\t\t\t<\/script><\/div><!-- .wpforms-field-container --><div class=\"wpforms-submit-container\" ><input type=\"hidden\" name=\"wpforms[id]\" value=\"6\"><input type=\"hidden\" name=\"page_title\" value=\"\"><input type=\"hidden\" name=\"page_url\" value=\"https:\/\/schnupfkiste.ch\/index.php?rest_route=\/wp\/v2\/pages\/11\"><input type=\"hidden\" name=\"url_referer\" value=\"\"><button type=\"submit\" name=\"wpforms[submit]\" id=\"wpforms-submit-6\" class=\"wpforms-submit\" data-alt-text=\"Senden\u2026\" data-submit-text=\"Absenden\" aria-live=\"assertive\" value=\"wpforms-submit\">Absenden<\/button><img loading=\"lazy\" decoding=\"async\" src=\"https:\/\/schnupfkiste.ch\/wp-content\/plugins\/wpforms-lite\/assets\/images\/submit-spin.svg\" class=\"wpforms-submit-spinner\" style=\"display: none;\" width=\"26\" height=\"26\" alt=\"Wird geladen\"><\/div><\/form><\/div>  <!-- .wpforms-container -->\n\n\n<hr class=\"wp-block-separator has-alpha-channel-opacity\"\/>\n\n\n\n<p>Fragen? Mehr findest du bald auf:<br><a href=\"https:\/\/3dwolf.ch\">3dwolf.ch<\/a><\/p>\n","protected":false},"excerpt":{"rendered":"<p>Eine 3D-gedruckte Schnupftabakbox \u2013 direkt aus der Schweiz. Aktuell l\u00e4uft eine limitierte Testphase mit ausgew\u00e4hlten Personen. Du hast eine Schnupfkiste erhalten? Dann freuen wir uns \u00fcber dein Feedback! \ud83d\udc47 Gib hier deine R\u00fcckmeldung ab: Fragen? Mehr findest du bald auf:3dwolf.ch<\/p>\n","protected":false},"author":1,"featured_media":0,"parent":0,"menu_order":0,"comment_status":"closed","ping_status":"closed","template":"","meta":{"footnotes":""},"class_list":["post-11","page","type-page","status-publish","hentry"],"_links":{"self":[{"href":"https:\/\/schnupfkiste.ch\/index.php?rest_route=\/wp\/v2\/pages\/11","targetHints":{"allow":["GET"]}}],"collection":[{"href":"https:\/\/schnupfkiste.ch\/index.php?rest_route=\/wp\/v2\/pages"}],"about":[{"href":"https:\/\/schnupfkiste.ch\/index.php?rest_route=\/wp\/v2\/types\/page"}],"author":[{"embeddable":true,"href":"https:\/\/schnupfkiste.ch\/index.php?rest_route=\/wp\/v2\/users\/1"}],"replies":[{"embeddable":true,"href":"https:\/\/schnupfkiste.ch\/index.php?rest_route=%2Fwp%2Fv2%2Fcomments&post=11"}],"version-history":[{"count":4,"href":"https:\/\/schnupfkiste.ch\/index.php?rest_route=\/wp\/v2\/pages\/11\/revisions"}],"predecessor-version":[{"id":23,"href":"https:\/\/schnupfkiste.ch\/index.php?rest_route=\/wp\/v2\/pages\/11\/revisions\/23"}],"wp:attachment":[{"href":"https:\/\/schnupfkiste.ch\/index.php?rest_route=%2Fwp%2Fv2%2Fmedia&parent=11"}],"curies":[{"name":"wp","href":"https:\/\/api.w.org\/{rel}","templated":true}]}}